{"id":92,"date":"2025-02-11T04:13:01","date_gmt":"2025-02-11T04:13:01","guid":{"rendered":"https:\/\/www.conexionwnm.com\/?page_id=92"},"modified":"2025-02-11T21:35:06","modified_gmt":"2025-02-11T21:35:06","slug":"diseno-de-redes","status":"publish","type":"page","link":"https:\/\/www.conexionwnm.com\/?page_id=92","title":{"rendered":"Dise\u00f1o de Redes"},"content":{"rendered":"\t\t<div data-elementor-type=\"wp-page\" data-elementor-id=\"92\" class=\"elementor elementor-92\" data-elementor-post-type=\"page\">\n\t\t\t\t<div class=\"elementor-element elementor-element-bda8257 e-flex e-con-boxed e-con e-parent\" data-id=\"bda8257\" data-element_type=\"container\">\n\t\t\t\t\t<div class=\"e-con-inner\">\n\t\t\t\t<div class=\"elementor-element elementor-element-cb5932d elementor-widget-divider--view-line elementor-widget elementor-widget-divider\" data-id=\"cb5932d\" data-element_type=\"widget\" data-widget_type=\"divider.default\">\n\t\t\t\t<div class=\"elementor-widget-container\">\n\t\t\t\t\t\t\t<div class=\"elementor-divider\">\n\t\t\t<span class=\"elementor-divider-separator\">\n\t\t\t\t\t\t<\/span>\n\t\t<\/div>\n\t\t\t\t\t\t<\/div>\n\t\t\t\t<\/div>\n\t\t\t\t<div class=\"elementor-element elementor-element-4bf0363 elementor-widget elementor-widget-heading\" data-id=\"4bf0363\" data-element_type=\"widget\" data-widget_type=\"heading.default\">\n\t\t\t\t<div class=\"elementor-widget-container\">\n\t\t\t\t\t<h2 class=\"elementor-heading-title elementor-size-default\">Dise\u00f1o y Administraci\u00f3n de RED\n<\/h2>\t\t\t\t<\/div>\n\t\t\t\t<\/div>\n\t\t\t\t<div class=\"elementor-element elementor-element-4d925eb elementor-widget elementor-widget-text-editor\" data-id=\"4d925eb\" data-element_type=\"widget\" data-widget_type=\"text-editor.default\">\n\t\t\t\t<div class=\"elementor-widget-container\">\n\t\t\t\t\t\t\t\t\t<p>Con el avance de la tecnolog\u00eda tambi\u00e9n avanzan lass empresas y actualmente existe una gran cantidad de compa\u00f1\u00edas que utilizan las redes de computadoras para poder comunicarse entre s\u00ed por medio de conexiones ya sean f\u00edsicas o inal\u00e1mbricas. Dependiendo de las necesidades de las empresas, se implementa arquitectura que permiten la transmisi\u00f3n de datos en un \u00e1rea geogr\u00e1ficamente peque\u00f1a, es decir conectan estaciones de trabajos, terminales y otros dispositivos en un solo edificio, o puede necesitar la implementaci\u00f3n de comunicaciones entre \u00e1reas geogr\u00e1ficamente separadas por medio a instalaciones inalambricas o por fibras optica.<\/p><p>La administraci\u00f3n de las redes LAN y WAN en la actualidad ha permitido a las empresas e instituciones optimizar el uso de los recursos mediante una red centralizada permitiendo disponer la informaci\u00f3n de forma segura y r\u00e1pida.<\/p><p>En Conexi\u00f3n WNM contamos con el personal y equipos necesarios para dise\u00f1ar, implementar y administrar su red, sin importar el tama\u00f1o o tipo de red que necesite su empresa.<\/p>\t\t\t\t\t\t\t\t<\/div>\n\t\t\t\t<\/div>\n\t\t\t\t\t<\/div>\n\t\t\t\t<\/div>\n\t\t\t\t<\/div>\n\t\t","protected":false},"excerpt":{"rendered":"<p>Dise\u00f1o y Administraci\u00f3n de RED Con el avance de la tecnolog\u00eda tambi\u00e9n avanzan lass empresas y actualmente existe una gran cantidad de compa\u00f1\u00edas que utilizan las redes de computadoras para poder comunicarse entre s\u00ed por medio de conexiones ya sean f\u00edsicas o inal\u00e1mbricas. Dependiendo de las necesidades de las empresas, se implementa arquitectura que permiten [&hellip;]<\/p>\n","protected":false},"author":1,"featured_media":0,"parent":0,"menu_order":0,"comment_status":"closed","ping_status":"closed","template":"templates\/frontpage.php","meta":{"footnotes":""},"class_list":["post-92","page","type-page","status-publish","hentry"],"_links":{"self":[{"href":"https:\/\/www.conexionwnm.com\/index.php?rest_route=\/wp\/v2\/pages\/92","targetHints":{"allow":["GET"]}}],"collection":[{"href":"https:\/\/www.conexionwnm.com\/index.php?rest_route=\/wp\/v2\/pages"}],"about":[{"href":"https:\/\/www.conexionwnm.com\/index.php?rest_route=\/wp\/v2\/types\/page"}],"author":[{"embeddable":true,"href":"https:\/\/www.conexionwnm.com\/index.php?rest_route=\/wp\/v2\/users\/1"}],"replies":[{"embeddable":true,"href":"https:\/\/www.conexionwnm.com\/index.php?rest_route=%2Fwp%2Fv2%2Fcomments&post=92"}],"version-history":[{"count":0,"href":"https:\/\/www.conexionwnm.com\/index.php?rest_route=\/wp\/v2\/pages\/92\/revisions"}],"wp:attachment":[{"href":"https:\/\/www.conexionwnm.com\/index.php?rest_route=%2Fwp%2Fv2%2Fmedia&parent=92"}],"curies":[{"name":"wp","href":"https:\/\/api.w.org\/{rel}","templated":true}]}}